{"id":132,"date":"2012-04-29T02:55:35","date_gmt":"2012-04-29T02:55:35","guid":{"rendered":"https:\/\/jaimecuba.com\/en\/?page_id=132"},"modified":"2016-02-07T03:15:15","modified_gmt":"2016-02-07T03:15:15","slug":"writing-workshop-in-cuba","status":"publish","type":"page","link":"https:\/\/jaimecuba.com\/en\/art-and-culture\/writing-workshop-in-cuba\/","title":{"rendered":"Writing workshop in Cuba"},"content":{"rendered":"<h1 class=\"entry-title\">Writing workshop in Cuba<\/h1>\n<h2><strong>February\u00a06 to 16, 2017<\/strong><\/h2>\n<h2>Theme: The beauty of the ruins. 3rd edition.<\/h2>\n<p><a href=\"https:\/\/jaimecuba.com\/en\/wp-content\/uploads\/2012\/04\/IMG_78251.jpg\" class=\"fancyboxgroup\" rel=\"gallery-132\" title=\"IMG_7825\"><img decoding=\"async\" loading=\"lazy\" class=\"aligncenter size-full wp-image-2349\" title=\"IMG_7825\" src=\"https:\/\/jaimecuba.com\/en\/wp-content\/uploads\/2012\/04\/IMG_78251.jpg\" alt=\"\" width=\"800\" height=\"533\" srcset=\"https:\/\/jaimecuba.com\/en\/wp-content\/uploads\/2012\/04\/IMG_78251.jpg 800w, https:\/\/jaimecuba.com\/en\/wp-content\/uploads\/2012\/04\/IMG_78251-300x199.jpg 300w\" sizes=\"(max-width: 800px) 100vw, 800px\" \/><\/a><\/p>\n<p>A writing workshop in Cuba is first and foremost an opportunity to explore your inner creativity in an exceptional historical and geographical context, with exceptional writer <span style=\"color: #000000;\"><strong>MAYA OMBASIC<\/strong><\/span>. Like a comma separating North and South America, reminiscent of a large lizard lounging in the Caribbean Sea, Cuba has retained the best of the many currents that have crossed it. Writing in Cuba means considering the importance of space in creativity. That is why we decided that, for this second edition, we would alternate locations, i.e. half of the workshop by the sea, half in the depths and calm of the tropical forest.<\/p>\n<ul>\n<li>Writing workshops hosted by writer MAYA OMBASIC.<\/li>\n<li>Personalized tips, follow-ups and summaries.<\/li>\n<li>Workshop-related excursions and activities.<\/li>\n<li>Havana through its literary characters.<\/li>\n<li>Secret favourite places of famous writers such as Hemingway, Carpentier, Jos\u00e9 Llezama Lima, etc&#8230;<\/li>\n<li>Discovery of Havana\u2019s cultural scene.<\/li>\n<li>Guided tour of must-see monuments such as El Capitolio, El Morro, Plaza de la Revoluci\u00f3n, El Cementerio Col\u00f3n, Museo de Bellas Artes, etc.<\/li>\n<li>Excursions in idyllic, rarely visited sites: Pinar del Rio and its ecological village; Soroa, its thermal waterfalls and the biggest orchidarium in the world, celebration and meal with the plantation peasants and much more.<\/li>\n<li>Meetings and discussions with contemporary writers.<\/li>\n<li>The important role nature plays in creating the \u201cmagical realism\u201d of Latin America.<\/li>\n<\/ul>\n<div id='gallery-1' class='gallery galleryid-132 gallery-columns-4 gallery-size-thumbnail'><dl class='gallery-item'>\n\t\t\t<dt class='gallery-icon landscape'>\n\t\t\t\t<a href='https:\/\/jaimecuba.com\/en\/wp-content\/uploads\/2012\/04\/IMG_78251.jpg' class=\"fancyboxgroup\" rel=\"gallery-132\"><img width=\"150\" height=\"150\" src=\"https:\/\/jaimecuba.com\/en\/wp-content\/uploads\/2012\/04\/IMG_78251-150x150.jpg\" class=\"attachment-thumbnail size-thumbnail\" alt=\"\" decoding=\"async\" loading=\"lazy\" \/><\/a>\n\t\t\t<\/dt><\/dl><dl class='gallery-item'>\n\t\t\t<dt class='gallery-icon landscape'>\n\t\t\t\t<a href='https:\/\/jaimecuba.com\/en\/wp-content\/uploads\/2012\/04\/ana4-150x150.jpg' class=\"fancyboxgroup\" rel=\"gallery-132\"><img width=\"150\" height=\"150\" src=\"https:\/\/jaimecuba.com\/en\/wp-content\/uploads\/2012\/04\/ana4-150x150.jpg\" class=\"attachment-thumbnail size-thumbnail\" alt=\"\" decoding=\"async\" loading=\"lazy\" \/><\/a>\n\t\t\t<\/dt><\/dl><dl class='gallery-item'>\n\t\t\t<dt class='gallery-icon landscape'>\n\t\t\t\t<a href='https:\/\/jaimecuba.com\/en\/wp-content\/uploads\/2012\/04\/IMG_3152.jpg' class=\"fancyboxgroup\" rel=\"gallery-132\"><img width=\"150\" height=\"150\" src=\"https:\/\/jaimecuba.com\/en\/wp-content\/uploads\/2012\/04\/IMG_3152-150x150.jpg\" class=\"attachment-thumbnail size-thumbnail\" alt=\"\" decoding=\"async\" loading=\"lazy\" \/><\/a>\n\t\t\t<\/dt><\/dl><dl class='gallery-item'>\n\t\t\t<dt class='gallery-icon landscape'>\n\t\t\t\t<a href='https:\/\/jaimecuba.com\/en\/wp-content\/uploads\/2012\/04\/IMG_6342.jpg' class=\"fancyboxgroup\" rel=\"gallery-132\"><img width=\"150\" height=\"150\" src=\"https:\/\/jaimecuba.com\/en\/wp-content\/uploads\/2012\/04\/IMG_6342-150x150.jpg\" class=\"attachment-thumbnail size-thumbnail\" alt=\"\" decoding=\"async\" loading=\"lazy\" \/><\/a>\n\t\t\t<\/dt><\/dl><br style=\"clear: both\" \/><dl class='gallery-item'>\n\t\t\t<dt class='gallery-icon landscape'>\n\t\t\t\t<a href='https:\/\/jaimecuba.com\/en\/wp-content\/uploads\/2012\/04\/IMG_6498.jpg' class=\"fancyboxgroup\" rel=\"gallery-132\"><img width=\"150\" height=\"150\" src=\"https:\/\/jaimecuba.com\/en\/wp-content\/uploads\/2012\/04\/IMG_6498-150x150.jpg\" class=\"attachment-thumbnail size-thumbnail\" alt=\"\" decoding=\"async\" loading=\"lazy\" \/><\/a>\n\t\t\t<\/dt><\/dl><dl class='gallery-item'>\n\t\t\t<dt class='gallery-icon landscape'>\n\t\t\t\t<a href='https:\/\/jaimecuba.com\/en\/wp-content\/uploads\/2012\/04\/IMG_5869-150x1502.jpg' class=\"fancyboxgroup\" rel=\"gallery-132\"><img width=\"150\" height=\"150\" src=\"https:\/\/jaimecuba.com\/en\/wp-content\/uploads\/2012\/04\/IMG_5869-150x1502.jpg\" class=\"attachment-thumbnail size-thumbnail\" alt=\"\" decoding=\"async\" loading=\"lazy\" \/><\/a>\n\t\t\t<\/dt><\/dl><dl class='gallery-item'>\n\t\t\t<dt class='gallery-icon landscape'>\n\t\t\t\t<a href='https:\/\/jaimecuba.com\/en\/wp-content\/uploads\/2012\/04\/IMG_6307.jpg' class=\"fancyboxgroup\" rel=\"gallery-132\"><img width=\"150\" height=\"150\" src=\"https:\/\/jaimecuba.com\/en\/wp-content\/uploads\/2012\/04\/IMG_6307-150x150.jpg\" class=\"attachment-thumbnail size-thumbnail\" alt=\"\" decoding=\"async\" loading=\"lazy\" \/><\/a>\n\t\t\t<\/dt><\/dl><dl class='gallery-item'>\n\t\t\t<dt class='gallery-icon landscape'>\n\t\t\t\t<a href='https:\/\/jaimecuba.com\/en\/wp-content\/uploads\/2012\/04\/IMG_64712-150x1502.jpg' class=\"fancyboxgroup\" rel=\"gallery-132\"><img width=\"150\" height=\"150\" src=\"https:\/\/jaimecuba.com\/en\/wp-content\/uploads\/2012\/04\/IMG_64712-150x1502.jpg\" class=\"attachment-thumbnail size-thumbnail\" alt=\"\" decoding=\"async\" loading=\"lazy\" \/><\/a>\n\t\t\t<\/dt><\/dl><br style=\"clear: both\" \/><dl class='gallery-item'>\n\t\t\t<dt class='gallery-icon landscape'>\n\t\t\t\t<a href='https:\/\/jaimecuba.com\/en\/wp-content\/uploads\/2012\/04\/IMG_3145.jpg' class=\"fancyboxgroup\" rel=\"gallery-132\"><img width=\"150\" height=\"150\" src=\"https:\/\/jaimecuba.com\/en\/wp-content\/uploads\/2012\/04\/IMG_3145-150x150.jpg\" class=\"attachment-thumbnail size-thumbnail\" alt=\"\" decoding=\"async\" loading=\"lazy\" \/><\/a>\n\t\t\t<\/dt><\/dl><dl class='gallery-item'>\n\t\t\t<dt class='gallery-icon landscape'>\n\t\t\t\t<a href='https:\/\/jaimecuba.com\/en\/wp-content\/uploads\/2012\/04\/38710_10150216056975048_4695612_n-150x150.jpg' class=\"fancyboxgroup\" rel=\"gallery-132\"><img width=\"150\" height=\"150\" src=\"https:\/\/jaimecuba.com\/en\/wp-content\/uploads\/2012\/04\/38710_10150216056975048_4695612_n-150x150.jpg\" class=\"attachment-thumbnail size-thumbnail\" alt=\"\" decoding=\"async\" loading=\"lazy\" \/><\/a>\n\t\t\t<\/dt><\/dl><dl class='gallery-item'>\n\t\t\t<dt class='gallery-icon landscape'>\n\t\t\t\t<a href='https:\/\/jaimecuba.com\/en\/wp-content\/uploads\/2012\/04\/IMG_6322.jpg' class=\"fancyboxgroup\" rel=\"gallery-132\"><img width=\"150\" height=\"150\" src=\"https:\/\/jaimecuba.com\/en\/wp-content\/uploads\/2012\/04\/IMG_6322-150x150.jpg\" class=\"attachment-thumbnail size-thumbnail\" alt=\"\" decoding=\"async\" loading=\"lazy\" \/><\/a>\n\t\t\t<\/dt><\/dl><dl class='gallery-item'>\n\t\t\t<dt class='gallery-icon landscape'>\n\t\t\t\t<a href='https:\/\/jaimecuba.com\/en\/wp-content\/uploads\/2012\/04\/IMG_3123.jpg' class=\"fancyboxgroup\" rel=\"gallery-132\"><img width=\"150\" height=\"150\" src=\"https:\/\/jaimecuba.com\/en\/wp-content\/uploads\/2012\/04\/IMG_3123-150x150.jpg\" class=\"attachment-thumbnail size-thumbnail\" alt=\"\" decoding=\"async\" loading=\"lazy\" \/><\/a>\n\t\t\t<\/dt><\/dl><br style=\"clear: both\" \/><dl class='gallery-item'>\n\t\t\t<dt class='gallery-icon landscape'>\n\t\t\t\t<a href='https:\/\/jaimecuba.com\/en\/wp-content\/uploads\/2012\/04\/IMG_6826.jpg' class=\"fancyboxgroup\" rel=\"gallery-132\"><img width=\"150\" height=\"150\" src=\"https:\/\/jaimecuba.com\/en\/wp-content\/uploads\/2012\/04\/IMG_6826-150x150.jpg\" class=\"attachment-thumbnail size-thumbnail\" alt=\"\" decoding=\"async\" loading=\"lazy\" \/><\/a>\n\t\t\t<\/dt><\/dl><dl class='gallery-item'>\n\t\t\t<dt class='gallery-icon landscape'>\n\t\t\t\t<a href='https:\/\/jaimecuba.com\/en\/wp-content\/uploads\/2012\/04\/IMG_6509-150x150.jpg' class=\"fancyboxgroup\" rel=\"gallery-132\"><img width=\"150\" height=\"150\" src=\"https:\/\/jaimecuba.com\/en\/wp-content\/uploads\/2012\/04\/IMG_6509-150x150.jpg\" class=\"attachment-thumbnail size-thumbnail\" alt=\"\" decoding=\"async\" loading=\"lazy\" \/><\/a>\n\t\t\t<\/dt><\/dl>\n\t\t\t<br style='clear: both' \/>\n\t\t<\/div>\n\n<p>&nbsp;<\/p>\n<p>[wptabs type=&#8221;accordion&#8221; style=&#8221;wpui-light&#8221; effect=&#8221;slide&#8221; mode=&#8221;horizontal&#8221;]<\/p>\n<p>[wptabtitle]Jour 1 : Varadero \u2013 La Havane. Transfer Varadero-Havane.[\/wptabtitle]<br \/>\n[wptabcontent]<br \/>\nArr\u00eat, collation et vue panoramique sur le pont de Bacunayagua qui franchit la merveilleuse vall\u00e9e de Yumuri. (Il s\u2019agit du pont le plus haut de Cuba qui repr\u00e9sente en m\u00eame temps la fronti\u00e8re entre la Province de La Havane et la province de Matanzas.) Installation au complexe Tarara. Diner et soir\u00e9e libre pour se familiariser avec les lieux.<br \/>\n[\/wptabcontent]<\/p>\n<p>[wptabtitle]Jour 2 : Tarara, Playa del Este \u2013 Guanabo.[\/wptabtitle]<br \/>\n[wptabcontent]<br \/>\nPetit-d\u00e9jeuner et diner \u00e0 Tarara. Familiarisation avec la plage et le complexe des villas Tarara. Durant le diner, Aline fera le premier contact et la mise en contexte de l\u2019atelier d\u2019\u00e9criture. L\u2019apr\u00e8s-midi, le guide cubain vient chercher le groupe : avant d\u2019aller souper chez l\u2019habitant, promenade \u00e0 Guanabo dans un moyen de transport du XIX si\u00e8cle. Premier contact avec les ruines au bord de la mer : de nombreux \u00e9difices d\u00e9labr\u00e9s appartenaient aux riches am\u00e9ricains qui ont fui l\u2019\u00eele avec le triomphe de la R\u00e9volution.<br \/>\n[\/wptabcontent]<\/p>\n<p>[wptabtitle]Jour 3 : Atelier d\u2019\u00e9criture + La Havane culturelle.[\/wptabtitle]<br \/>\n[wptabcontent]<br \/>\nPetit-d\u00e9jeuner \u00e0 Tarara. Atelier d\u2019\u00e9criture puis d\u00e9part pour la capitale. Visite guid\u00e9e de la ville, en commen\u00e7ant par le Centre Historique, le patrimoine UNESCO de l\u2019humanit\u00e9. Visite de la Place de la Cath\u00e9drale, Place des Armas, Place Saint-Fran\u00e7ois-d&#8217;Assise et la Vielle Place. Souper dans un restaurant du Centre Historique. Apr\u00e8s-midi, visite panoramique du Capitolio, Parque Central, Parque de la Fraternit\u00e9, Place de la R\u00e9volution, sans oublier Malecon, la longue jet\u00e9e promenade au bord de la mer. Conf\u00e9rence en fran\u00e7ais avec un sp\u00e9cialiste de la litt\u00e9rature cubaine \u00e0 l\u2019Union des \u00c9crivains et des artistes. \u00c9changes et questions. Retour \u00e0 Tarara pour le souper. Soir\u00e9e libre.<br \/>\n[\/wptabcontent]<\/p>\n<p>[wptabtitle]Jour 4 : Province Pi\u00f1ar del Rio, + Atelier d\u2019\u00e9criture dans les anciennes plantations de sucre.[\/wptabtitle]<br \/>\n[wptabcontent]<br \/>\nPetit d\u00e9jeuner \u00e0 Tarara + D\u00e9part pour la splendide province Pi\u00f1ar del Rio, commun\u00e9ment appel\u00e9e petite Amazonie de Cuba. Arriv\u00e9e au village Las Terrazas, situ\u00e9 dans la majestueuse Sierra del Rosario, 1ere r\u00e9serve de Biosph\u00e8re de Cuba. Arriv\u00e9e \u00e0 Rancho Curujey, cocktail de bienvenue et br\u00e8ve explication du projet \u00e9cologique. Visite de la plantation du caf\u00e9 Buenavista, une des plus anciennes haciendas et productrices du caf\u00e9 du XIX si\u00e8cle. Visite de l\u2019h\u00f4tel Moka. Promenade \u00e0 travers cette communaut\u00e9 hors temps et contact privil\u00e9gi\u00e9 avec les locaux. Atelier d\u2019\u00e9criture + diner dans la plantation \u00abBuenavista\u00bb. Possibilit\u00e9 de se baigner dans les chutes thermiques et naturelles du Rio San Juan (amenez des chaussures de marche, mais aussi votre maillot de bain!) Temps libre pour s\u2019impr\u00e9gner de la bouillonnante beaut\u00e9 de la nature cubaine. Retour et diner \u00e0 La Havane.<br \/>\n[\/wptabcontent]<\/p>\n<p>[wptabtitle]Jour 5 : La mythique route d\u2019Hemingway.[\/wptabtitle]<br \/>\n[wptabcontent]<br \/>\nD\u00e9jeuner \u00e0 Tarara+ atelier d\u2019\u00e9criture. D\u00e9part pour la mythique route de HEMINGWAY: visite embl\u00e9matique des endroits rendus c\u00e9l\u00e8bres par les nombreuses visites de l&#8217;\u00e9crivain am\u00e9ricain. Visite LA FINCA VIGIA, sa demeure principale, aujourd\u2019hui transform\u00e9e en mus\u00e9e. D\u00e9part pour le fameux village COJIMAR o\u00f9 l\u2019\u00e9crivain a connu le vieillard qui lui a inspir\u00e9 \u00ab Le vieil homme et la mer \u00bb (Gregorio Fuentes, le vrai personnage du livre, mort \u00e0 Cojimar m\u00eame en 2002!) Visite du monument Hemingway. Cocktail et diner au fameux restaurant Las Terrazas \u00e0 COJIMAR, \u00e9tablissement inaugur\u00e9 en 1925 et qui conserve le charme d\u2019un typique bar-restaurant donnant sur la mer des Cara\u00efbes. D\u00e9part pour le c\u00e9l\u00e8bre h\u00f4tel Ambos Mundos. Coucher e soleil et majestueuse vue panoramique sur la Vielle Havane et sa baie. Retour et souper \u00e0 Tarara.<br \/>\n[\/wptabcontent]<\/p>\n<p>[wptabtitle]Jour 6 : Atelier d\u2019\u00e9criture + Far Niente (Jour Libre)[\/wptabtitle]<br \/>\n[wptabcontent]<br \/>\nJour libre.<br \/>\n[\/wptabcontent]<\/p>\n<p>[wptabtitle]Jour 7: Havane moderne et ses artistes.[\/wptabtitle]<br \/>\n[wptabcontent]<br \/>\nPetit-d\u00e9jeuner puis sortie d\u00e9part pour La Havane. Visite panoramique de la ville \u00e0 bord des vielles voitures am\u00e9ricaines des ann\u00e9es cinquante : Place de la R\u00e9volution, La Havane Moderne, 5e avenue, N\u00e9cropole Christophe Colomb, et bien plus. Visite du Mus\u00e9e des Beaux Arts. Diner traditionnel typiquement cubain puis d\u00e9part pour la rencontre avec les artistes. Visite guid\u00e9e des ateliers et des galeries d\u2019art. Soir\u00e9e libre \u00e0 la Havane.<br \/>\n[\/wptabcontent]<\/p>\n<p>[wptabtitle]Jour 8 : Atelier d\u2019\u00e9criture + Far Niente (Jour libre)[\/wptabtitle]<br \/>\n[wptabcontent]<br \/>\nJour libre.<br \/>\n[\/wptabcontent]<\/p>\n<p>[wptabtitle]Jour 9 : L\u2019influence de la culture afro-cubaine dans les arts et la litt\u00e9rature.[\/wptabtitle]<br \/>\n[wptabcontent]<br \/>\nPetit-d\u00e9jeuner puis sortie pour La Havane. Visite de l\u2019embl\u00e9matique Callejon Hamel: haut lieu de rencontre de la culture afro-cubaine. D\u00e9part pour le projet culturel et communautaire Solar de la California. Diner au restaurant La California. D\u00e9part pour l\u2019incontournable spectacle live du Conjunto National Folklorico. Retour et diner \u00e0 Tarara.<br \/>\n[\/wptabcontent]<\/p>\n<p>[wptabtitle]Jour 10: Atelier d\u2019\u00e9criture + Foire du Livre de La Havane.[\/wptabtitle]<br \/>\n[wptabcontent]<br \/>\nPetit-d\u00e9jeuner et atelier d\u2019\u00e9criture. Apr\u00e8s le diner, d\u00e9part pour la Foire internationale du Livre. Possibilit\u00e9 de visiter la Foire Artisanale San Jos\u00e9 \u00e9galement. Apr\u00e8s-midi libre \u00e0 La Havane. Le soir, visite guid\u00e9e de la forteresse El Morro qui surplombe la baie de La Havane. Diner et f\u00eate d\u2019adieu dans le restaurant \u00ab San Cristobal \u00bb. Mot d\u2019Aline en guise de la fermeture de l\u2019atelier.<br \/>\n[\/wptabcontent]<\/p>\n<p>[wptabtitle]Jour 11 : Journ\u00e9e libre jusqu\u2019au transfert de l\u2019a\u00e9roport.[\/wptabtitle]<br \/>\n[wptabcontent]<br \/>\nJourn\u00e9e libre jusqu\u2019au transfert de l\u2019a\u00e9roport.<br \/>\n[\/wptabcontent]<\/p>\n<p>[\/wptabs]<\/p>\n<p>What is included in the price of $ 2999:<\/p>\n<p>The package includes 10 days and 9 nights<br \/>\nAll activities and workshops proposed in the program<br \/>\nAll transportation and all meals<br \/>\nAccommodation \/ double occupancy<br \/>\nBilingual guides<br \/>\nInternational flight *<\/p>\n<p>CONTACT WITH TRAVEL AGENT:<\/p>\n<p>For information in French: Maya (1) 514. 531. 1454<\/p>\n<p>For the information in English and Spanish Leandro (1) 438. 877. 2011.<\/p>\n<p>* The ticket is included in the price from Montreal. Price of the flight may vary from other canadiens and international cities. Certain conditions vary, depending on the price and availability of seats at the time of booking.<\/p>\n<p><strong><br \/>\n<\/strong><\/p>\n<p>&nbsp;<\/p>\n","protected":false},"excerpt":{"rendered":"<p>Writing workshop in Cuba February\u00a06 to 16, 2017 Theme: The beauty of the ruins. 3rd edition. A writing workshop in Cuba is first and foremost an opportunity to explore your inner creativity in an exceptional historical and geographical context, with &hellip; <a href=\"https:\/\/jaimecuba.com\/en\/art-and-culture\/writing-workshop-in-cuba\/\">Continue reading <span class=\"meta-nav\">&rarr;<\/span><\/a><\/p>\n","protected":false},"author":1,"featured_media":0,"parent":120,"menu_order":0,"comment_status":"closed","ping_status":"closed","template":"","meta":[],"_links":{"self":[{"href":"https:\/\/jaimecuba.com\/en\/wp-json\/wp\/v2\/pages\/132"}],"collection":[{"href":"https:\/\/jaimecuba.com\/en\/wp-json\/wp\/v2\/pages"}],"about":[{"href":"https:\/\/jaimecuba.com\/en\/wp-json\/wp\/v2\/types\/page"}],"author":[{"embeddable":true,"href":"https:\/\/jaimecuba.com\/en\/wp-json\/wp\/v2\/users\/1"}],"replies":[{"embeddable":true,"href":"https:\/\/jaimecuba.com\/en\/wp-json\/wp\/v2\/comments?post=132"}],"version-history":[{"count":90,"href":"https:\/\/jaimecuba.com\/en\/wp-json\/wp\/v2\/pages\/132\/revisions"}],"predecessor-version":[{"id":2870,"href":"https:\/\/jaimecuba.com\/en\/wp-json\/wp\/v2\/pages\/132\/revisions\/2870"}],"up":[{"embeddable":true,"href":"https:\/\/jaimecuba.com\/en\/wp-json\/wp\/v2\/pages\/120"}],"wp:attachment":[{"href":"https:\/\/jaimecuba.com\/en\/wp-json\/wp\/v2\/media?parent=132"}],"curies":[{"name":"wp","href":"https:\/\/api.w.org\/{rel}","templated":true}]}}