{"id":1501,"date":"2013-10-01T06:00:43","date_gmt":"2013-10-01T06:00:43","guid":{"rendered":"https:\/\/jaimecuba.com\/en\/?page_id=1501"},"modified":"2015-02-01T03:13:27","modified_gmt":"2015-02-01T03:13:27","slug":"100-cuba","status":"publish","type":"page","link":"https:\/\/jaimecuba.com\/en\/cuba-nature\/100-cuba\/","title":{"rendered":"100% Cuba"},"content":{"rendered":"<h1 class=\"entry-title\">100% Cuba<\/h1>\n<p>9 Days \/ 8 Nights<br \/>\nDeparture: Havana<br \/>\nDuration: 9 Days<br \/>\nPrice : from 1120$<br \/>\nItineraries:\u00a0La Havane\/ Guam\u00e1 \/Cienfuegos \/Trinidad \/Camag\u00fcey-Santa Luc\u00eda \/Bayamo \/ Santiago de Cuba<\/p>\n<p>This 10-day\/9-night circuit allows you to discover all of Cuba and take in its different facets, such as historical and cultural towns, UNESCO-protected natural zones and white sand beaches.<\/p>\n<p>Day\u00a01: Arrival in Havana. Visit of the grounds and the city.<\/p>\n<p>Day\u00a02: Havana \u2013 Guam\u00e1 \u2013 Cienfuegos. Departure for Guam\u00e1. Visit of Aldea Ta\u00edna village and the crocodile farm. Breakfast. Departure for the majestic Ci\u00e9nage de Zapata swamp. Departure for Cienfuegos. Panoramic tour of the city. Night free to enjoy the city\u2019s culture. Night at hotel.<\/p>\n<p>Day\u00a03: Cienfuegos \u2013 Trinidad. Departure for the city of Trinidad. Guided tour of must-see tourist sites in the most colonial and romantic city of the island. Free time to explore Trinidad\u2019s nightlife. Night at hotel.<\/p>\n<p>Day\u00a04: Trinidad \u2013 Santa Lucia. Transfer to Santa Lucia beaches. Stop in Sancti Sp\u00edritus and Camag\u00fcey, two of the most ancient and attractive sites thanks to their architecture, history and culture, for a look back in time. Lunch at restaurant La Campana de Toledo. Continue to Santa Lucia. Night at Playa Santa Lucia hotel.<\/p>\n<p>Day\u00a05: Santa Lucia. Enjoy one of Cuba\u2019s most beautiful beaches and walk through the thin white sand. Located North of the town of Camaguey, Santa Lucia offers an array of water activities at an extra cost. Otherwise, simply breathe the salty air and immerse yourself in the spirit of the site.<\/p>\n<p>Day\u00a06: Santa Lucia \u2013 Bayamo. Departure for the city of Bayamo. Founded by colonizer Diego Velasquez, Bayamo is filled with memories from its hours of glory and represents the Plaza de la Revoluci\u00f3n. Visit of city aboard local transportation. Lunch at local restaurant. Night and dinner at hotel. Night free for taking in the Cuban culture.<\/p>\n<p>Day\u00a07: Bayamo \u2013 Santiago de Cuba. Departure for Santiago de Cuba, the cradle of Cuban history. Visit of Virgen de la Caridad del Cobre sanctuary, the country\u2019s most important cult and pilgrimage site. Other sites of cultural and historical interest are also included in the program (Granjita Siboney, Moncada, Casa de la Trova). Lunch at local restaurant. Visit of the impressive Morro Castle, a UNESCO World Heritage site. Night and dinner at hotel. Free night.<\/p>\n<p>Day\u00a08: Santiago de Cuba. Free day.<\/p>\n<p>Day\u00a09: Santiago de Cuba. Overnight stay in Santiago. Free night to discover the exuberant music scene of Cuba\u2019s cradle of rhythms.<\/p>\n<p>Day\u00a010. Free day until transfer to airport.<\/p>\n","protected":false},"excerpt":{"rendered":"<p>100% Cuba 9 Days \/ 8 Nights Departure: Havana Duration: 9 Days Price : from 1120$ Itineraries:\u00a0La Havane\/ Guam\u00e1 \/Cienfuegos \/Trinidad \/Camag\u00fcey-Santa Luc\u00eda \/Bayamo \/ Santiago de Cuba This 10-day\/9-night circuit allows you to discover all of Cuba and take &hellip; <a href=\"https:\/\/jaimecuba.com\/en\/cuba-nature\/100-cuba\/\">Continue reading <span class=\"meta-nav\">&rarr;<\/span><\/a><\/p>\n","protected":false},"author":1,"featured_media":0,"parent":52,"menu_order":0,"comment_status":"closed","ping_status":"closed","template":"","meta":[],"_links":{"self":[{"href":"https:\/\/jaimecuba.com\/en\/wp-json\/wp\/v2\/pages\/1501"}],"collection":[{"href":"https:\/\/jaimecuba.com\/en\/wp-json\/wp\/v2\/pages"}],"about":[{"href":"https:\/\/jaimecuba.com\/en\/wp-json\/wp\/v2\/types\/page"}],"author":[{"embeddable":true,"href":"https:\/\/jaimecuba.com\/en\/wp-json\/wp\/v2\/users\/1"}],"replies":[{"embeddable":true,"href":"https:\/\/jaimecuba.com\/en\/wp-json\/wp\/v2\/comments?post=1501"}],"version-history":[{"count":13,"href":"https:\/\/jaimecuba.com\/en\/wp-json\/wp\/v2\/pages\/1501\/revisions"}],"predecessor-version":[{"id":1507,"href":"https:\/\/jaimecuba.com\/en\/wp-json\/wp\/v2\/pages\/1501\/revisions\/1507"}],"up":[{"embeddable":true,"href":"https:\/\/jaimecuba.com\/en\/wp-json\/wp\/v2\/pages\/52"}],"wp:attachment":[{"href":"https:\/\/jaimecuba.com\/en\/wp-json\/wp\/v2\/media?parent=1501"}],"curies":[{"name":"wp","href":"https:\/\/api.w.org\/{rel}","templated":true}]}}