{"id":698,"date":"2012-12-29T00:56:41","date_gmt":"2012-12-29T00:56:41","guid":{"rendered":"https:\/\/jaimecuba.com\/en\/?page_id=698"},"modified":"2015-05-29T13:07:14","modified_gmt":"2015-05-29T13:07:14","slug":"yoga-cuba","status":"publish","type":"page","link":"https:\/\/jaimecuba.com\/en\/well-being\/yoga-cuba\/","title":{"rendered":"Yoga Cuba"},"content":{"rendered":"<h1 class=\"entry-title\">Retraite de Yoga, massage tha\u00ef et mise en forme<\/h1>\n<p>&nbsp;<\/p>\n<p><strong>Du 19 au 26 juin 2015 &#8211; Inscriptions en cours!<\/strong><\/p>\n<p>Si peu de gens associent Cuba avec Yoga et la paix int\u00e9rieure, notre retraite de yoga et de mise en forme aura lieu au coeur du paradis terrestre, non loin de l\u2019endroit o\u00f9 Christophe Colomb avait d\u00e9clar\u00e9 que la mer des Cara\u00efbes, c\u2019est la plus belle chose que l\u2019\u0153il humain ait jamais vue. Situ\u00e9 dans le Parc Naturel Bah\u00eda de Naranjo, \u00e0 Playa Esmeralda, sur le littoral nord de Holgu\u00edn, cet \u00e9coresort cinq \u00e9toiles, offre une vie magnifique sur la mer et sur un impressionnant r\u00e9cif de corail. C\u2019est dans cet endroit privil\u00e9gi\u00e9 que nous vous offrons la possibilit\u00e9 de reprendre le souffle et de recevoir dans la joie du moment pr\u00e9sent tout ce que la nature a de plus extraordinaire \u00e0 offrir.<\/p>\n<p><img decoding=\"async\" src=\"http:\/\/jaimecuba.com\/wp-content\/uploads\/2015\/04\/cuba-yoga-plage.png\" alt=\"Yoga Cuba\" \/><\/p>\n<p><strong>Retraite de Yoga et mise en forme avec CRISTEL LAFLEUR<\/strong><\/p>\n<p>Vivez dix jours de transformation et de mise en forme \u00e0 travers le yoga. Permettez au corps et \u00e0 l\u2019esprit de se ressourcer et de se recentrer sous le s\u00e9duisant paysage d\u2019Holgu\u00edn \u00e0 Cuba, l\u2019endroit tout indiqu\u00e9 pour vous reconnecter \u00e0 votre essence et reprendre votre souffle avec ce que la nature a de plus beau \u00e0 offrir.<\/p>\n<p>Chaque jour commence avec un cours de yoga inspir\u00e9 au gr\u00e9 des participants (Hatha, Hatha Flow, Vinyasa, Yin Yoga) suivi d\u2019une deuxi\u00e8me classe en d\u00e9but de soir\u00e9e sous le th\u00e8me \u00ab\u00a0yoga \u00e0 deux\u00a0\u00bb (acro yoga, massage yoga tha\u00eflandais, entra\u00eenement\/\u00e9tirements \u00e0 deux). Apprenez \u00e0 donner et \u00e0 recevoir un massage yoga tha\u00eflandais et d\u00e9couvrez les effets th\u00e9rapeutiques du toucher dans la bienveillance et la compassion du massage tha\u00ef. D\u00e9velopper la confiance, la coop\u00e9ration, la concentration et la conscience du corps avec l\u2019acro, body weight training et les \u00e9tirements en duo.<\/p>\n<p><strong>Les points forts de ce circuit :<\/strong><\/p>\n<ul>\n<li><strong>Retraite de yoga dans un endroit paradisiaque<\/strong><\/li>\n<li><strong>Cours cibl\u00e9s et instructrice hautement qualifi\u00e9e <\/strong><\/li>\n<li><strong>H\u00f4tel et Spa 5 \u00e9toiles situ\u00e9 face \u00e0 la mer et au r\u00e9cif de corail <\/strong><\/li>\n<li><strong>\u00c9co-complexe \u00e0 l&#8217;int\u00e9rieur du Parc naturel \u00e9cologique <\/strong><\/li>\n<li><strong>Jardin Botanique et orchid\u00e9es naturelles <\/strong><\/li>\n<li><strong>Architecture inspir\u00e9e d&#8217;un village aborig\u00e8ne<\/strong><\/li>\n<li><strong>Acc\u00e8s au magnifique YHI SPA (<a href=\"http:\/\/www.yhispa.com\">http:\/\/www.yhispa.com<\/a>)<\/strong><\/li>\n<\/ul>\n<p><strong>Vivez l\u2019effervescence de Cuba avec la r\u00e9volution tranquille du yoga\u00a0!\u00a0<\/strong><\/p>\n<p><strong><div id='gallery-1' class='gallery galleryid-698 gallery-columns-4 gallery-size-thumbnail'><dl class='gallery-item'>\n\t\t\t<dt class='gallery-icon landscape'>\n\t\t\t\t<a href='https:\/\/jaimecuba.com\/en\/wp-content\/uploads\/2012\/12\/paradisus-riodeoro-facilidades-generales-6141.jpg' class=\"fancyboxgroup\" rel=\"gallery-698\"><img width=\"150\" height=\"150\" src=\"https:\/\/jaimecuba.com\/en\/wp-content\/uploads\/2012\/12\/paradisus-riodeoro-facilidades-generales-6141-150x150.jpg\" class=\"attachment-thumbnail size-thumbnail\" alt=\"\" decoding=\"async\" loading=\"lazy\" \/><\/a>\n\t\t\t<\/dt><\/dl><dl class='gallery-item'>\n\t\t\t<dt class='gallery-icon landscape'>\n\t\t\t\t<a href='https:\/\/jaimecuba.com\/en\/wp-content\/uploads\/2012\/12\/paradisus-riodeoro-facilidades-generales-6999.jpg' class=\"fancyboxgroup\" rel=\"gallery-698\"><img width=\"150\" height=\"150\" src=\"https:\/\/jaimecuba.com\/en\/wp-content\/uploads\/2012\/12\/paradisus-riodeoro-facilidades-generales-6999-150x150.jpg\" class=\"attachment-thumbnail size-thumbnail\" alt=\"\" decoding=\"async\" loading=\"lazy\" \/><\/a>\n\t\t\t<\/dt><\/dl><dl class='gallery-item'>\n\t\t\t<dt class='gallery-icon landscape'>\n\t\t\t\t<a href='https:\/\/jaimecuba.com\/en\/wp-content\/uploads\/2012\/12\/paradisus-riodeoro-facilidades-generales-8676.jpg' class=\"fancyboxgroup\" rel=\"gallery-698\"><img width=\"150\" height=\"150\" src=\"https:\/\/jaimecuba.com\/en\/wp-content\/uploads\/2012\/12\/paradisus-riodeoro-facilidades-generales-8676-150x150.jpg\" class=\"attachment-thumbnail size-thumbnail\" alt=\"\" decoding=\"async\" loading=\"lazy\" \/><\/a>\n\t\t\t<\/dt><\/dl><dl class='gallery-item'>\n\t\t\t<dt class='gallery-icon landscape'>\n\t\t\t\t<a href='https:\/\/jaimecuba.com\/en\/wp-content\/uploads\/2012\/12\/paradisus-riodeoro-facilidades-generales-8677.jpg' class=\"fancyboxgroup\" rel=\"gallery-698\"><img width=\"150\" height=\"150\" src=\"https:\/\/jaimecuba.com\/en\/wp-content\/uploads\/2012\/12\/paradisus-riodeoro-facilidades-generales-8677-150x150.jpg\" class=\"attachment-thumbnail size-thumbnail\" alt=\"\" decoding=\"async\" loading=\"lazy\" \/><\/a>\n\t\t\t<\/dt><\/dl><br style=\"clear: both\" \/><dl class='gallery-item'>\n\t\t\t<dt class='gallery-icon landscape'>\n\t\t\t\t<a href='https:\/\/jaimecuba.com\/en\/wp-content\/uploads\/2012\/12\/paradisus-riodeoro-piscina-6111.jpg' class=\"fancyboxgroup\" rel=\"gallery-698\"><img width=\"150\" height=\"150\" src=\"https:\/\/jaimecuba.com\/en\/wp-content\/uploads\/2012\/12\/paradisus-riodeoro-piscina-6111-150x150.jpg\" class=\"attachment-thumbnail size-thumbnail\" alt=\"\" decoding=\"async\" loading=\"lazy\" \/><\/a>\n\t\t\t<\/dt><\/dl><dl class='gallery-item'>\n\t\t\t<dt class='gallery-icon landscape'>\n\t\t\t\t<a href='https:\/\/jaimecuba.com\/en\/wp-content\/uploads\/2012\/12\/paradisus-riodeoro-playa-6116-2.jpg' class=\"fancyboxgroup\" rel=\"gallery-698\"><img width=\"150\" height=\"150\" src=\"https:\/\/jaimecuba.com\/en\/wp-content\/uploads\/2012\/12\/paradisus-riodeoro-playa-6116-2-150x150.jpg\" class=\"attachment-thumbnail size-thumbnail\" alt=\"\" decoding=\"async\" loading=\"lazy\" \/><\/a>\n\t\t\t<\/dt><\/dl><dl class='gallery-item'>\n\t\t\t<dt class='gallery-icon landscape'>\n\t\t\t\t<a href='https:\/\/jaimecuba.com\/en\/wp-content\/uploads\/2012\/12\/paradisus-riodeoro-playa-8660.jpg' class=\"fancyboxgroup\" rel=\"gallery-698\"><img width=\"150\" height=\"150\" src=\"https:\/\/jaimecuba.com\/en\/wp-content\/uploads\/2012\/12\/paradisus-riodeoro-playa-8660-150x150.jpg\" class=\"attachment-thumbnail size-thumbnail\" alt=\"\" decoding=\"async\" loading=\"lazy\" \/><\/a>\n\t\t\t<\/dt><\/dl><dl class='gallery-item'>\n\t\t\t<dt class='gallery-icon landscape'>\n\t\t\t\t<a href='https:\/\/jaimecuba.com\/en\/wp-content\/uploads\/2012\/12\/paradisus-riodeoro-playa-8663.jpg' class=\"fancyboxgroup\" rel=\"gallery-698\"><img width=\"150\" height=\"150\" src=\"https:\/\/jaimecuba.com\/en\/wp-content\/uploads\/2012\/12\/paradisus-riodeoro-playa-8663-150x150.jpg\" class=\"attachment-thumbnail size-thumbnail\" alt=\"\" decoding=\"async\" loading=\"lazy\" \/><\/a>\n\t\t\t<\/dt><\/dl><br style=\"clear: both\" \/><dl class='gallery-item'>\n\t\t\t<dt class='gallery-icon landscape'>\n\t\t\t\t<a href='https:\/\/jaimecuba.com\/en\/wp-content\/uploads\/2012\/12\/paradisus-riodeoro-playa-8664.jpg' class=\"fancyboxgroup\" rel=\"gallery-698\"><img width=\"150\" height=\"150\" src=\"https:\/\/jaimecuba.com\/en\/wp-content\/uploads\/2012\/12\/paradisus-riodeoro-playa-8664-150x150.jpg\" class=\"attachment-thumbnail size-thumbnail\" alt=\"\" decoding=\"async\" loading=\"lazy\" \/><\/a>\n\t\t\t<\/dt><\/dl><dl class='gallery-item'>\n\t\t\t<dt class='gallery-icon landscape'>\n\t\t\t\t<a href='https:\/\/jaimecuba.com\/en\/wp-content\/uploads\/2012\/12\/paradisus-riodeoro-spa-wellness-6162.jpg' class=\"fancyboxgroup\" rel=\"gallery-698\"><img width=\"150\" height=\"150\" src=\"https:\/\/jaimecuba.com\/en\/wp-content\/uploads\/2012\/12\/paradisus-riodeoro-spa-wellness-6162-150x150.jpg\" class=\"attachment-thumbnail size-thumbnail\" alt=\"\" decoding=\"async\" loading=\"lazy\" \/><\/a>\n\t\t\t<\/dt><\/dl><dl class='gallery-item'>\n\t\t\t<dt class='gallery-icon landscape'>\n\t\t\t\t<a href='https:\/\/jaimecuba.com\/en\/wp-content\/uploads\/2012\/12\/paradisus-riodeoro-facilidades-generales-6132.jpg' class=\"fancyboxgroup\" rel=\"gallery-698\"><img width=\"150\" height=\"150\" src=\"https:\/\/jaimecuba.com\/en\/wp-content\/uploads\/2012\/12\/paradisus-riodeoro-facilidades-generales-6132-150x150.jpg\" class=\"attachment-thumbnail size-thumbnail\" alt=\"\" decoding=\"async\" loading=\"lazy\" \/><\/a>\n\t\t\t<\/dt><\/dl><dl class='gallery-item'>\n\t\t\t<dt class='gallery-icon landscape'>\n\t\t\t\t<a href='https:\/\/jaimecuba.com\/en\/wp-content\/uploads\/2012\/12\/paradisus-riodeoro-facilidades-generales-6137-1.jpg' class=\"fancyboxgroup\" rel=\"gallery-698\"><img width=\"150\" height=\"150\" src=\"https:\/\/jaimecuba.com\/en\/wp-content\/uploads\/2012\/12\/paradisus-riodeoro-facilidades-generales-6137-1-150x150.jpg\" class=\"attachment-thumbnail size-thumbnail\" alt=\"\" decoding=\"async\" loading=\"lazy\" \/><\/a>\n\t\t\t<\/dt><\/dl><br style=\"clear: both\" \/>\n\t\t<\/div>\n<\/p>\n<p><\/strong><\/p>\n<p>&nbsp;<\/p>\n<p><strong><\/strong><strong>Cristel Lafleur <\/strong>est instructrice de cours en groupe depuis maintenant quinze ans. Ces cours ont surtout \u00e9t\u00e9 orient\u00e9s vers le Tae-Boxe, Boot Camp, Interval Circuit, Body Design avec comme compl\u00e9ment une premi\u00e8re d\u00e9couverte et certification en 2002 de Power Yoga niveau 1-2-3 (Association Nationale des Intervenants en entra\u00eenement) suivi d\u2019\u00c9nergie Yoga niveau 1-2 (\u00c9nergie Cardio) et YogaFit Sweat\/Essentials (YogaFit Training Systems Worldwide) yoga chaud. \u00c9galement int\u00e9ress\u00e9e par le toucher th\u00e9rapeutique, elle compl\u00e8te en 2008 sa formation du massage intuitif (Centre de Formation Claudette Perry) et 2014 Thai Yoga Massage 1 (Applied Yoga Therapy 65 heures, Sivananda Yoga Vedanta Centre) et Massage Yoga Tha\u00eflandais 2 (Lotus Palm).<\/p>\n<p><img decoding=\"async\" src=\"http:\/\/jaimecuba.com\/wp-content\/uploads\/2015\/04\/yoga-cuba-cristel.jpg\" alt=\"Cristel Yoga\" \/><br \/>\n<img decoding=\"async\" style=\"width: 100%;\" src=\"http:\/\/jaimecuba.com\/wp-content\/uploads\/2015\/04\/critelphoto.png\" alt=\"\" \/><\/p>\n<p>Or, ce n\u2019est qu\u2019en 2014 que le tournant se produit\u00a0: Cristel ressent le besoin de centrer sa pratique vers un travail int\u00e9rieur plus en profondeur. C\u2019est alors qu\u2019elle d\u00e9bute la formation professorale en Hatha et Vinyasa Yoga et, au terme de 380 heures \u00e0 l\u2019\u00e9cole Sangha, elle devient instructrice dipl\u00f4m\u00e9e du Centre Sanga. Gr\u00e2ce \u00e0 ce tournant, sa compr\u00e9hension et pratique de yoga change. Il s\u2019agit d\u00e9sormais pour elle <strong><em>d<\/em><\/strong><strong><em>\u2019\u00ea<\/em><\/strong><strong><em>tre en yoga<\/em><\/strong> plut\u00f4t que de simplement <strong><em>faire du yoga<\/em><\/strong>. Ce changement est devenu la ligne directrice de son cheminement personnel et professionnel \u00e0 travers laquelle elle perp\u00e9tue une nouvelle r\u00e9flexion sur la conscience du corps.<\/p>\n<p>Mais l\u2019\u00e9nergie d\u00e9bordate de Cristel ne s\u2019arr\u00eate pas l\u00e0\u00a0: elle est responsable de la cr\u00e9ation et du d\u00e9veloppement de AK YOGA a\u00e9rien, une discipline inspir\u00e9e du yoga traditionnel, alli\u00e9e au cirque a\u00e9rien. L\u2019utilisation du hamac pour soutenir le corps en suspension dans divers asanas favorise la d\u00e9compression des disques et la r\u00e9hydratation des vert\u00e8bres. Un entra\u00eenement qui accro\u00eet la force physique, le tonus musculaire, l\u2019\u00e9quilibre, la coordination, l\u2019agilit\u00e9 et la conscience globale reli\u00e9 au souffle.<\/p>\n<p><a href=\"http:\/\/www.nightlife.ca\/2015\/01\/14\/defie-la-gravite-avec-ak-yoga-dans-hochelaga\">http:\/\/www.nightlife.ca\/2015\/01\/14\/defie-la-gravite-avec-ak-yoga-dans-hochelaga<\/a><\/p>\n<p><a href=\"https:\/\/www.youtube.com\/watch?v=l1e7wivufoE\">https:\/\/www.youtube.com\/watch?v=l1e7wivufoE<\/a><\/p>\n<p><a href=\"https:\/\/www.facebook.com\/akyogafly?ref=ts&amp;fref=ts\">https:\/\/www.facebook.com\/akyogafly?ref=ts&amp;fref=ts<\/a><\/p>\n<p>[wptabs type=&#8221;accordion&#8221; style=&#8221;wpui-light&#8221; effect=&#8221;slide&#8221; mode=&#8221;horizontal&#8221;]<\/p>\n<p>[wptabtitle]Jour 01[\/wptabtitle]<br \/>\n[wptabcontent]<\/p>\n<ul>\n<li>Arriv\u00e9e \u00e0 Holguin.<\/li>\n<li>Connaissance des lieux, cocktail de bienvenue et d\u00eener.<\/li>\n<li>Premier cours de groupe.<\/li>\n<\/ul>\n<p>[\/wptabcontent]<\/p>\n<p>[wptabtitle]Jour 02[\/wptabtitle]<br \/>\n[wptabcontent]<\/p>\n<ul>\n<li>7:30-8:15 M\u00e9ditation<\/li>\n<li>9:00-10:15 Hatha Yoga<\/li>\n<li>10:30 D\u00e9jeuner<\/li>\n<li>11:00 -13:00 Activit\u00e9s optionnelles (salsa, cours de langue, message tha\u00ef, facial, mise en forme, plong\u00e9e sous-marine et plus encore.)<\/li>\n<li>13:00 D\u00eener<\/li>\n<li>14:00-16:00 Temps libre<\/li>\n<li>17:00-18:15 Body Weight Training<\/li>\n<li>19:00-20:00 Souper<\/li>\n<li>Soir\u00e9e libre.<\/li>\n<\/ul>\n<p>[\/wptabcontent]<\/p>\n<p>[wptabtitle]Jour 03[\/wptabtitle]<br \/>\n[wptabcontent]<\/p>\n<ul>\n<li>7:30-8:15 M\u00e9ditation<\/li>\n<li>9:00-10:15 Hatha Flow<\/li>\n<li>10:30 D\u00e9jeuner<\/li>\n<li>11:00 -13:00 Activit\u00e9s optionnelles<\/li>\n<li>13:00 D\u00eener<\/li>\n<li>14:00-16:00 Temps libre<\/li>\n<li>17:00-18:15 Acro Yoga<\/li>\n<li>19:00-20:00 Souper<\/li>\n<li>Soir\u00e9e libre.<\/li>\n<\/ul>\n<p>[\/wptabcontent]<\/p>\n<p>[wptabtitle]Jour 04[\/wptabtitle]<br \/>\n[wptabcontent]<\/p>\n<ul>\n<li>7:30-8:15 M\u00e9ditation<\/li>\n<li>9:00-10:15 Power Flow<\/li>\n<li>10:30 D\u00e9jeuner<\/li>\n<li>11:00 -13:00 Activit\u00e9s optionnelles<\/li>\n<li>13:00 D\u00eener<\/li>\n<li>14:00-16:00 Temps libre<\/li>\n<li>17:00-18:15 Massage yoga tha\u00eflandais<\/li>\n<li>19:00-20:00 Souper<\/li>\n<li>Soir\u00e9e libre.<\/li>\n<\/ul>\n<p>[\/wptabcontent]<\/p>\n<p>[wptabtitle]Jour 05[\/wptabtitle]<br \/>\n[wptabcontent]<\/p>\n<ul>\n<li>7:30-8:15 M\u00e9ditation<\/li>\n<li>9:00-10:15 Yin Yoga<\/li>\n<li>10:30 D\u00e9jeuner<\/li>\n<li>11:00 -13:00 Activit\u00e9s optionnelles<\/li>\n<li>13:00 D\u00eener<\/li>\n<li>14:00-16:00 Temps libre<\/li>\n<li>17:00-18:15 Body Weight Training<\/li>\n<li>19:00-20:00 Souper<\/li>\n<li>Soir\u00e9e libre.<\/li>\n<\/ul>\n<p>[\/wptabcontent]<\/p>\n<p>[wptabtitle]Jour 06[\/wptabtitle]<br \/>\n[wptabcontent]<\/p>\n<ul>\n<li>7:30-8:15 M\u00e9ditation<\/li>\n<li>9:00-10:15 Vinyasa<\/li>\n<li>10:30 D\u00e9jeuner<\/li>\n<li>11:00 -13:00 Activit\u00e9s optionnelles<\/li>\n<li>13:00 D\u00eener<\/li>\n<li>14:00-16:00 Temps libre<\/li>\n<li>17:00-18:15 Massage Yoga Tha\u00eflandais<\/li>\n<li>19:00-20:00 Souper<\/li>\n<li>Soir\u00e9e libre.<\/li>\n<\/ul>\n<p>[\/wptabcontent]<\/p>\n<p>[wptabtitle]Jour 07[\/wptabtitle]<br \/>\n[wptabcontent]<\/p>\n<ul>\n<li>7:30-8:15 M\u00e9ditation<\/li>\n<li>9:00-10:15 Hatha Yoga<\/li>\n<li>10:30 D\u00e9jeuner<\/li>\n<li>11:00 -13:00 Activit\u00e9s optionnelles<\/li>\n<li>13:00 D\u00eener<\/li>\n<li>14:00-16:00 Temps libre<\/li>\n<li>17:00-18:15 Acro Yoga<\/li>\n<li>19:00-20:00 Souper d\u2019adieu et \u00e9change<\/li>\n<\/ul>\n<p>[\/wptabcontent]<br \/>\n[wptabtitle]Jour 08[\/wptabtitle]<br \/>\n[wptabcontent]<br \/>\n7:30-8:15 M\u00e9ditation<br \/>\n9:00-10:15 Hatha Yoga<br \/>\n10:30 D\u00e9jeuner<br \/>\n11:00 -13:00 Activit\u00e9s optionnelles<br \/>\n13:00 D\u00eener d\u2019adieu et m\u00e9ditation de la fin<br \/>\n14:00 D\u00e9part pour l\u2019a\u00e9roport.<br \/>\n[\/wptabcontent]<br \/>\n[\/wptabs]<\/p>\n<div>\n<p><strong>Ce qui est inclus dans le prix de 1980$*:\u00a0<\/strong><\/p>\n<ul>\n<li>Le forfait comprend 8 JOURS\/7 NUITS<\/li>\n<li>L\u2019H\u00d4TEL\/SPA PARADISUS RIO DE ORO \/ YHI SPA<\/li>\n<li>Tous les cours propos\u00e9s au programme.<\/li>\n<li>Tous les transports sur place.<\/li>\n<li>H\u00e9bergement en occupation double.<\/li>\n<li>Tous les repas.<\/li>\n<li>Guides bilingues.<\/li>\n<li>Vol international**<\/li>\n<\/ul>\n<p><strong>CONTACT DE L\u2019AGENT DE VOYAGE:<\/strong><\/p>\n<p>Pour les informations en fran\u00e7ais : Maya (1) 514. 531. 1454<\/p>\n<p>For the information in English and Spanish : Leandro (1) 438. 877. 2011.<\/p>\n<p>* Le prix est bas\u00e9 sur un groupe de cinq personnes. Pour le m\u00eame voyage \u00e0 titre d\u2019individuel ou pour un couple, contactez info@jaimecuba.com<\/p>\n<p>**Le billet d\u2019avion est inclus dans le prix. Il se peut que certaines conditions varient, en fonction du tarif et de la disponibilit\u00e9 de si\u00e8ges au moment de la r\u00e9servation.<\/p>\n<div><\/div>\n<div><\/div>\n<div><\/div>\n<p><span style=\"font-size: small;\"><br \/>\n<\/span><\/p>\n<\/div>\n<p><strong><em><br \/>\n<\/em><\/strong><\/p>\n","protected":false},"excerpt":{"rendered":"<p>Retraite de Yoga, massage tha\u00ef et mise en forme &nbsp; Du 19 au 26 juin 2015 &#8211; Inscriptions en cours! Si peu de gens associent Cuba avec Yoga et la paix int\u00e9rieure, notre retraite de yoga et de mise en &hellip; <a href=\"https:\/\/jaimecuba.com\/en\/well-being\/yoga-cuba\/\">Continue reading <span class=\"meta-nav\">&rarr;<\/span><\/a><\/p>\n","protected":false},"author":1,"featured_media":0,"parent":2206,"menu_order":0,"comment_status":"closed","ping_status":"open","template":"","meta":[],"_links":{"self":[{"href":"https:\/\/jaimecuba.com\/en\/wp-json\/wp\/v2\/pages\/698"}],"collection":[{"href":"https:\/\/jaimecuba.com\/en\/wp-json\/wp\/v2\/pages"}],"about":[{"href":"https:\/\/jaimecuba.com\/en\/wp-json\/wp\/v2\/types\/page"}],"author":[{"embeddable":true,"href":"https:\/\/jaimecuba.com\/en\/wp-json\/wp\/v2\/users\/1"}],"replies":[{"embeddable":true,"href":"https:\/\/jaimecuba.com\/en\/wp-json\/wp\/v2\/comments?post=698"}],"version-history":[{"count":53,"href":"https:\/\/jaimecuba.com\/en\/wp-json\/wp\/v2\/pages\/698\/revisions"}],"predecessor-version":[{"id":2867,"href":"https:\/\/jaimecuba.com\/en\/wp-json\/wp\/v2\/pages\/698\/revisions\/2867"}],"up":[{"embeddable":true,"href":"https:\/\/jaimecuba.com\/en\/wp-json\/wp\/v2\/pages\/2206"}],"wp:attachment":[{"href":"https:\/\/jaimecuba.com\/en\/wp-json\/wp\/v2\/media?parent=698"}],"curies":[{"name":"wp","href":"https:\/\/api.w.org\/{rel}","templated":true}]}}